{"id":9816,"date":"2025-09-19T04:16:52","date_gmt":"2025-09-19T08:16:52","guid":{"rendered":"https:\/\/thetenurefacility.aws-staging.swace.se\/?page_id=9816"},"modified":"2025-09-19T04:24:17","modified_gmt":"2025-09-19T08:24:17","slug":"draft-fr-reclamations-recours-mediateur-et-denonciation","status":"publish","type":"page","link":"https:\/\/thetenurefacility.aws-staging.swace.se\/fr\/draft-fr-reclamations-recours-mediateur-et-denonciation\/","title":{"rendered":"DRAFT FR &#8211; R\u00e9clamations, recours, m\u00e9diateur et d\u00e9nonciation"},"content":{"rendered":"","protected":false},"excerpt":{"rendered":"","protected":false},"author":38,"featured_media":5505,"parent":0,"menu_order":0,"comment_status":"closed","ping_status":"closed","template":"template-2020-long-text.php","meta":{"_acf_changed":false},"class_list":["post-9816","page","type-page","status-publish","has-post-thumbnail","hentry"],"acf":[],"yoast_head":"<!-- This site is optimized with the Yoast SEO plugin v27.1.1 - https:\/\/yoast.com\/product\/yoast-seo-wordpress\/ -->\n<title>DRAFT FR - R\u00e9clamations, recours, m\u00e9diateur et d\u00e9nonciation - Tenure Facility<\/title>\n<meta name=\"robots\" content=\"noindex, follow, max-snippet:-1, max-image-preview:large, max-video-preview:-1\" \/>\n<meta property=\"og:locale\" content=\"fr_FR\" \/>\n<meta property=\"og:type\" content=\"article\" \/>\n<meta property=\"og:title\" content=\"DRAFT FR - R\u00e9clamations, recours, m\u00e9diateur et d\u00e9nonciation - Tenure Facility\" \/>\n<meta property=\"og:url\" content=\"https:\/\/thetenurefacility.aws-staging.swace.se\/fr\/draft-fr-reclamations-recours-mediateur-et-denonciation\/\" \/>\n<meta property=\"og:site_name\" content=\"Tenure Facility\" \/>\n<meta property=\"article:modified_time\" content=\"2025-09-19T08:24:17+00:00\" \/>\n<meta property=\"og:image\" content=\"https:\/\/thetenurefacility.aws-staging.swace.se\/wp-content\/uploads\/2020\/04\/DRPW4G-embera-panama-cropped-1024x403.png\" \/>\n\t<meta property=\"og:image:width\" content=\"1024\" \/>\n\t<meta property=\"og:image:height\" content=\"403\" \/>\n\t<meta property=\"og:image:type\" content=\"image\/png\" \/>\n<meta name=\"twitter:card\" content=\"summary_large_image\" \/>\n<meta name=\"twitter:label1\" content=\"Est. reading time\" \/>\n\t<meta name=\"twitter:data1\" content=\"1 minute\" \/>\n<script type=\"application\/ld+json\" class=\"yoast-schema-graph\">{\"@context\":\"https:\/\/schema.org\",\"@graph\":[{\"@type\":\"WebPage\",\"@id\":\"https:\/\/thetenurefacility.aws-staging.swace.se\/draft-fr-reclamations-recours-mediateur-et-denonciation\/\",\"url\":\"https:\/\/thetenurefacility.aws-staging.swace.se\/draft-fr-reclamations-recours-mediateur-et-denonciation\/\",\"name\":\"DRAFT FR - R\u00e9clamations, recours, m\u00e9diateur et d\u00e9nonciation - Tenure Facility\",\"isPartOf\":{\"@id\":\"https:\/\/thetenurefacility.aws-staging.swace.se\/#website\"},\"primaryImageOfPage\":{\"@id\":\"https:\/\/thetenurefacility.aws-staging.swace.se\/draft-fr-reclamations-recours-mediateur-et-denonciation\/#primaryimage\"},\"image\":{\"@id\":\"https:\/\/thetenurefacility.aws-staging.swace.se\/draft-fr-reclamations-recours-mediateur-et-denonciation\/#primaryimage\"},\"thumbnailUrl\":\"https:\/\/thetenurefacility.aws-staging.swace.se\/wp-content\/uploads\/2020\/04\/DRPW4G-embera-panama-cropped.png\",\"datePublished\":\"2025-09-19T08:16:52+00:00\",\"dateModified\":\"2025-09-19T08:24:17+00:00\",\"breadcrumb\":{\"@id\":\"https:\/\/thetenurefacility.aws-staging.swace.se\/draft-fr-reclamations-recours-mediateur-et-denonciation\/#breadcrumb\"},\"inLanguage\":\"fr-FR\",\"potentialAction\":[{\"@type\":\"ReadAction\",\"target\":[\"https:\/\/thetenurefacility.aws-staging.swace.se\/draft-fr-reclamations-recours-mediateur-et-denonciation\/\"]}]},{\"@type\":\"ImageObject\",\"inLanguage\":\"fr-FR\",\"@id\":\"https:\/\/thetenurefacility.aws-staging.swace.se\/draft-fr-reclamations-recours-mediateur-et-denonciation\/#primaryimage\",\"url\":\"https:\/\/thetenurefacility.aws-staging.swace.se\/wp-content\/uploads\/2020\/04\/DRPW4G-embera-panama-cropped.png\",\"contentUrl\":\"https:\/\/thetenurefacility.aws-staging.swace.se\/wp-content\/uploads\/2020\/04\/DRPW4G-embera-panama-cropped.png\",\"width\":5616,\"height\":2211},{\"@type\":\"BreadcrumbList\",\"@id\":\"https:\/\/thetenurefacility.aws-staging.swace.se\/draft-fr-reclamations-recours-mediateur-et-denonciation\/#breadcrumb\",\"itemListElement\":[{\"@type\":\"ListItem\",\"position\":1,\"name\":\"Home\",\"item\":\"https:\/\/thetenurefacility.aws-staging.swace.se\/\"},{\"@type\":\"ListItem\",\"position\":2,\"name\":\"DRAFT FR &#8211; R\u00e9clamations, recours, m\u00e9diateur et d\u00e9nonciation\"}]},{\"@type\":\"WebSite\",\"@id\":\"https:\/\/thetenurefacility.aws-staging.swace.se\/#website\",\"url\":\"https:\/\/thetenurefacility.aws-staging.swace.se\/\",\"name\":\"Tenure Facility\",\"description\":\"Securing rights, protecting the world&#039;s land and forests.\",\"potentialAction\":[{\"@type\":\"SearchAction\",\"target\":{\"@type\":\"EntryPoint\",\"urlTemplate\":\"https:\/\/thetenurefacility.aws-staging.swace.se\/?s={search_term_string}\"},\"query-input\":{\"@type\":\"PropertyValueSpecification\",\"valueRequired\":true,\"valueName\":\"search_term_string\"}}],\"inLanguage\":\"fr-FR\"}]}<\/script>\n<!-- \/ Yoast SEO plugin. -->","yoast_head_json":{"title":"DRAFT FR - R\u00e9clamations, recours, m\u00e9diateur et d\u00e9nonciation - Tenure Facility","robots":{"index":"noindex","follow":"follow","max-snippet":"max-snippet:-1","max-image-preview":"max-image-preview:large","max-video-preview":"max-video-preview:-1"},"og_locale":"fr_FR","og_type":"article","og_title":"DRAFT FR - R\u00e9clamations, recours, m\u00e9diateur et d\u00e9nonciation - Tenure Facility","og_url":"https:\/\/thetenurefacility.aws-staging.swace.se\/fr\/draft-fr-reclamations-recours-mediateur-et-denonciation\/","og_site_name":"Tenure Facility","article_modified_time":"2025-09-19T08:24:17+00:00","og_image":[{"width":1024,"height":403,"url":"https:\/\/thetenurefacility.aws-staging.swace.se\/wp-content\/uploads\/2020\/04\/DRPW4G-embera-panama-cropped-1024x403.png","type":"image\/png"}],"twitter_card":"summary_large_image","twitter_misc":{"Est. reading time":"1 minute"},"schema":{"@context":"https:\/\/schema.org","@graph":[{"@type":"WebPage","@id":"https:\/\/thetenurefacility.aws-staging.swace.se\/draft-fr-reclamations-recours-mediateur-et-denonciation\/","url":"https:\/\/thetenurefacility.aws-staging.swace.se\/draft-fr-reclamations-recours-mediateur-et-denonciation\/","name":"DRAFT FR - R\u00e9clamations, recours, m\u00e9diateur et d\u00e9nonciation - Tenure Facility","isPartOf":{"@id":"https:\/\/thetenurefacility.aws-staging.swace.se\/#website"},"primaryImageOfPage":{"@id":"https:\/\/thetenurefacility.aws-staging.swace.se\/draft-fr-reclamations-recours-mediateur-et-denonciation\/#primaryimage"},"image":{"@id":"https:\/\/thetenurefacility.aws-staging.swace.se\/draft-fr-reclamations-recours-mediateur-et-denonciation\/#primaryimage"},"thumbnailUrl":"https:\/\/thetenurefacility.aws-staging.swace.se\/wp-content\/uploads\/2020\/04\/DRPW4G-embera-panama-cropped.png","datePublished":"2025-09-19T08:16:52+00:00","dateModified":"2025-09-19T08:24:17+00:00","breadcrumb":{"@id":"https:\/\/thetenurefacility.aws-staging.swace.se\/draft-fr-reclamations-recours-mediateur-et-denonciation\/#breadcrumb"},"inLanguage":"fr-FR","potentialAction":[{"@type":"ReadAction","target":["https:\/\/thetenurefacility.aws-staging.swace.se\/draft-fr-reclamations-recours-mediateur-et-denonciation\/"]}]},{"@type":"ImageObject","inLanguage":"fr-FR","@id":"https:\/\/thetenurefacility.aws-staging.swace.se\/draft-fr-reclamations-recours-mediateur-et-denonciation\/#primaryimage","url":"https:\/\/thetenurefacility.aws-staging.swace.se\/wp-content\/uploads\/2020\/04\/DRPW4G-embera-panama-cropped.png","contentUrl":"https:\/\/thetenurefacility.aws-staging.swace.se\/wp-content\/uploads\/2020\/04\/DRPW4G-embera-panama-cropped.png","width":5616,"height":2211},{"@type":"BreadcrumbList","@id":"https:\/\/thetenurefacility.aws-staging.swace.se\/draft-fr-reclamations-recours-mediateur-et-denonciation\/#breadcrumb","itemListElement":[{"@type":"ListItem","position":1,"name":"Home","item":"https:\/\/thetenurefacility.aws-staging.swace.se\/"},{"@type":"ListItem","position":2,"name":"DRAFT FR &#8211; R\u00e9clamations, recours, m\u00e9diateur et d\u00e9nonciation"}]},{"@type":"WebSite","@id":"https:\/\/thetenurefacility.aws-staging.swace.se\/#website","url":"https:\/\/thetenurefacility.aws-staging.swace.se\/","name":"Tenure Facility","description":"Securing rights, protecting the world&#039;s land and forests.","potentialAction":[{"@type":"SearchAction","target":{"@type":"EntryPoint","urlTemplate":"https:\/\/thetenurefacility.aws-staging.swace.se\/?s={search_term_string}"},"query-input":{"@type":"PropertyValueSpecification","valueRequired":true,"valueName":"search_term_string"}}],"inLanguage":"fr-FR"}]}},"_links":{"self":[{"href":"https:\/\/thetenurefacility.aws-staging.swace.se\/fr\/wp-json\/wp\/v2\/pages\/9816","targetHints":{"allow":["GET"]}}],"collection":[{"href":"https:\/\/thetenurefacility.aws-staging.swace.se\/fr\/wp-json\/wp\/v2\/pages"}],"about":[{"href":"https:\/\/thetenurefacility.aws-staging.swace.se\/fr\/wp-json\/wp\/v2\/types\/page"}],"author":[{"embeddable":true,"href":"https:\/\/thetenurefacility.aws-staging.swace.se\/fr\/wp-json\/wp\/v2\/users\/38"}],"replies":[{"embeddable":true,"href":"https:\/\/thetenurefacility.aws-staging.swace.se\/fr\/wp-json\/wp\/v2\/comments?post=9816"}],"version-history":[{"count":4,"href":"https:\/\/thetenurefacility.aws-staging.swace.se\/fr\/wp-json\/wp\/v2\/pages\/9816\/revisions"}],"predecessor-version":[{"id":9831,"href":"https:\/\/thetenurefacility.aws-staging.swace.se\/fr\/wp-json\/wp\/v2\/pages\/9816\/revisions\/9831"}],"wp:featuredmedia":[{"embeddable":true,"href":"https:\/\/thetenurefacility.aws-staging.swace.se\/fr\/wp-json\/wp\/v2\/media\/5505"}],"wp:attachment":[{"href":"https:\/\/thetenurefacility.aws-staging.swace.se\/fr\/wp-json\/wp\/v2\/media?parent=9816"}],"curies":[{"name":"wp","href":"https:\/\/api.w.org\/{rel}","templated":true}]}}