{"id":1475,"date":"2017-09-21T16:06:45","date_gmt":"2017-09-21T20:06:45","guid":{"rendered":"https:\/\/thetenurefacility.aws-staging.swace.se\/?page_id=1475"},"modified":"2024-06-18T11:23:44","modified_gmt":"2024-06-18T15:23:44","slug":"results-highlights","status":"publish","type":"page","link":"https:\/\/thetenurefacility.aws-staging.swace.se\/fr\/impact\/results-highlights\/","title":{"rendered":"Results Highlights"},"content":{"rendered":"<p>We aim to achieve two outcomes: 1) The land and forest rights of Indigenous Peoples and local communities are made more secure by governments in targeted developing countries; and 2) Practical approaches for implementing land and forest tenure reforms are shared and leveraged by practitioners and stakeholders to enable greater support and investment in securing the land rights of Indigenous Peoples and local communities.<\/p>\n<p>We aim to invest at least US$10 million a year for the first 10 years. Projections suggest that this investment would increase titled, protected, and well-managed community and indigenous tropical forest land by 42 to 91 million hectares. This increase in tenure security would help to prevent about 1 to 2.5 million hectares of deforestation, and mitigate climate change by avoiding emission of 0.5 to 1.3 gigatons of carbon dioxide equivalent.<\/p>\n<p>Already, with Tenure Facility support, Indigenous Peoples and local communities have <strong>advanced collective tenure security over more than 4.2 million hectares of land and forest<\/strong> and strengthened protection over <strong>2.4 million hectares of forest<\/strong> categorized as a reserve for Indigenous Peoples living in voluntary isolation or initial contact. In addition, they have tested new approaches to securing community tenure rights with governments, demonstrated cost-effective methods for securing tenure at scale, and shown how securing tenure can reduce conflict\u2014setting the stage for peace and prosperity. The Tenure Facility\u2019s six pilot projects prove that with funding and technical support Indigenous Peoples\u2019 and local communities\u2019 organizations can achieve significant results in securing tenure rights in a short period of time. The pilots have also helped to shape the responsiveness and effectiveness of the Tenure Facility by generating valuable lessons for improving operations and services.<\/p>\n<p>&nbsp;<\/p>\n<p><a href=\"https:\/\/thetenurefacility.aws-staging.swace.se\/fr\/projects\/cameroon\/\"><strong>In Cameroon<\/strong><\/a>,\u00a0NGOs advanced land tenure security by developing and securing broad support for a standard methodology for participatory community mapping across different ecosystems and culture\u2014in 22 months. The methodology lays important groundwork for explicit recognition of community rights and reduction of land and resource conflicts in Cameroon as the country implements new land use planning. If scaled nationwide, the methodology could secure community rights over more than 5 million hectares within five years.<\/p>\n<p><strong>\u201cThere are many problems this approach can solve! The problems are there. We are working on this to forestall future problems and to avoid conflict. Thanks to all those who have made this dream come true. How do we carry this pilot forward? We must go all the way! This exercise is the salvation for many conflicts between administrations.\u201d<\/strong><\/p>\n<p>\u2013 Chief Tanyi Robinson, National Council for Traditional Chiefs in Cameroon (CNCTC)<\/p>\n<p><strong><br \/>\n<a href=\"https:\/\/thetenurefacility.aws-staging.swace.se\/fr\/projects\/indonesia\/\">In Indonesia<\/a>,\u00a0<\/strong>AMAN advanced titling over 1.5 million hectares of land belonging to 200 indigenous communities and achieved recognition of 230,000 hectares \u2014 in 24 months. AMAN\u2019s achievement in the pilot initiative set the stage for faster and more efficient recognition of Indigenous Peoples\u2019 rights to lands and forests by demonstrating how district legislation can fill policy gaps at the national level and build momentum for national tenure policy for Indigenous Peoples\u2019 territorial rights (adat), contributing to a bottom-up push for a national-level approach. Through peer-to-peer exchanges, they ignited a movement that is spreading from district to district as local authorities adopt the approach of using local legislation to secure Indigenous Peoples\u2019 land and forest rights. In 2018, AMAN joined forces with the Agrarian Renewal Consortium (KPA) and the Indigenous Territory Registration Body (BRWA) to scale up the advances. They are capitalizing on the current momentum in Indonesia for agrarian reform, social forestry, and recognition of indigenous rights. They aim to advance tenure security for indigenous and local communities over 2 million hectares of land and forest set the stage for upscaling land rights across Indonesia.<\/p>\n<p><strong>\u201cIndigenous People\u2019s rights and related regulations&#8230;being talked about and discussed in public places.\u201d<\/strong><\/p>\n<p>\u2013 Rukka Sombolinggi, Secretary General, AMAN<\/p>\n<p>&nbsp;<\/p>\n<p><strong><a href=\"https:\/\/thetenurefacility.aws-staging.swace.se\/fr\/projects\/liberia\/\">In Liberia<\/a>,\u00a0<\/strong>A coalition of NGOs and the national land agency tested and refined a practical and scalable guideline to enable local communities to self-identify\u2014in 21 months. Community self-identification is the first step in Liberia\u2019s new Land Rights Act and enables communities to gain collective title to their customary land. This project also built trust between NGOs and national government and enhanced the capacities of both for implementing the guideline nationwide. In 2019, Liberian partners upscaled the pilot with Tenure Facility support. They aim to secure 788,190 hectares of collective customary land under the Liberia Land Act using guidelines developed in the pilot.<\/p>\n<p><strong>\u201cWhile there have been some issues\u2026the trust, mutual understanding, and communication channels developed through the pilot project represent major assets for further developing the relationship with CSOs, and jointly move forward in the recognition of community customary lands.\u201d<\/strong><\/p>\n<p>\u2013 Othello Brandy, Chair of the Liberian Land Authority<\/p>\n<p>&nbsp;<\/p>\n<p><strong><a href=\"https:\/\/thetenurefacility.aws-staging.swace.se\/fr\/projects\/mali\/\">In Mali<\/a>, <\/strong>the National Association of Peasant Organizations (CNOP) and HELVETAS MALI strengthened the capacity of 17 local land commissions to resolve conflict over land and resources in communities located far from the nation\u2019s capital \u2014 in 22 months. Participating village land commissions reduced conflict by 35% and participating municipalities by 25%. The pilot contributed to achievement of the 2017 Peace Accords by pioneering, testing and demonstrating scalable approaches and tools that rural municipalities and local communities can use to resolve conflicts among themselves and with government, investors, immigrants and settlers. The pilot set the stage for scaling the success of land commissions across the country. By supporting and learning from the experiences of land commissions in the south, where conflict is more localized, the learning was scaled to areas where conflict is more prevalent and widespread, particularly in the north. In 2019, the CNOP began upscaling these advances, with Tenure Facility support. This initiative aims to consolidate the capacity of the first 17 land commissions, establish and train 100 land commissions, secure 10,000 hectares of collective land, secure 5,000 hectares of family lands, resolve more than 100 conflicts, and establish three local natural resource management agreements.<\/p>\n<p>\u201cThe Tenure Facility pilot in Mali is strengthening national reconciliation and peace. Commissions help to calm the<strong> country. The pilot started in accessible areas in southern Mali, with a level of security that allows for movement on the ground. Based on the experience gained in these areas, we plan to expand project activities in the more volatile and conflict-prone part of the country.\u201d<\/strong><\/p>\n<p>\u2013 C\u00e9lestin Demb\u00e9l\u00e9, Deputy program diretor, HELVETAS MALI<\/p>\n<p>&nbsp;<\/p>\n<p><strong><a href=\"https:\/\/thetenurefacility.aws-staging.swace.se\/fr\/projects\/panama\/\">In Panama<\/a>,\u00a0<\/strong>COONAPIP advanced titling of 223,500 hectares in four territories and resolved 18 tenure conflicts over 1,200 hectares \u2014 in 20 months. The national association of indigenous organizations also trained more than 250 people in indigenous rights and law, built its own capacity for tenure implementation and established a course on indigenous rights at the University of Panama\u2019s Faculty of Law. The pilot built momentum for faster and more efficient titling by raising awareness of Indigenous Peoples\u00b4 rights among government authorities, building relationships among relevant institutions and increasing the confidence of Indigenous Peoples in their power to effect change. With funding from the new Tenure Faciity launched in 2018, COONAPIP aims to title 200,000 hectares. In October 2018, Panama\u2019s Legislative Assembly approved creation of the Comarca Naso Tj\u00ebrdi, covering 160,616 hectares. Presidential approval is required before ratification.<\/p>\n<p><strong>&#8220;We have been fighting the titling of our territory for more than 40 years. In the last year, with the support of COONAPIP\u2019s PDCT project, we have advanced more than in the previous 40 years.&#8221;<\/strong><\/p>\n<p>\u2013 Lazaro Mecha, Regional chief, Maj\u00e9 Ember\u00e1 Dr\u00fca collective territory<\/p>\n<p>&nbsp;<\/p>\n<p><strong><a href=\"https:\/\/thetenurefacility.aws-staging.swace.se\/fr\/projects\/peru\/\">In Peru<\/a>,\u00a0<\/strong>FENAMAD and SPDA secured titles for five indigenous communities covering 64,000 hectares and signed an agreement with the Ministry of Culture that strengthens systems for protecting peoples in voluntary isolation in the Madre de Dios Territorial Reserve, which covers more than 800,000 hectares\u2014in 18 months. FENAMAD, SPDA, and the Regional Government of Madre de Dios tested a unique partnership between an indigenous federation, an NGO, and a regional government that can be scaled to resolve longstanding conflicts over land tenure and implementation problems throughout the country. SPDA, indigenous federations, and government ministries are scaling-up the approaches developed in the pilot project through a new Tenure Facility initiative that aims to build national capacity to implement Peru\u2019s laws regarding Indigenous Peoples\u2019 rights to land and forests. Over two years, the initiative aims to directly secure 200,000 hectares in the regions of Loreto and Madre de Dios. And, by leveraging ongoing donor investments, it aims advance tenure security over five million hectares nationally. This will benefit more than 500 communities, enabling them to move forward with economic development initiatives, to protect and manage their forests, and contribute to mitigating climate change. The initiative is moving rapidly towards its target.\u00a0<span lang=\"EN-US\">As of April 2019, it had titled 646,685.68 hectares, advanced tenure security over 1,424,265 hectares in Loreto and Madre de Dios, and strengthened the protection of 2.4 million hectares reserved for Indigenous Peoples in Voluntary Isolation or Initial Contact (PIACI).<\/span><\/p>\n<p><strong>&#8220;In the past, the indigenous territories in Madre de Dios were quite extensive. Unfortunately, our titles did not recognize the full extent of our lands, and we were limited in many ways. We withstood the pressures of miners, invading settlers and authorities who still do not understand the principles by which we live. Historically, we have been the caretakers of all the territory and of all the resources. Our work is of great importance, and not an obstacle to development of the country.&#8221;<\/strong><\/p>\n<p>\u2013 Julio Ricardo Cusurichi, President, FENAMAD<\/p>","protected":false},"excerpt":{"rendered":"<p>We aim to achieve two outcomes: 1) The land and forest rights of Indigenous Peoples and local communities are made more secure by governments in targeted developing countries; and 2) Practical approaches for implementing land and forest tenure reforms are shared and leveraged by practitioners and stakeholders to enable greater support and investment in securing [&hellip;]<\/p>\n","protected":false},"author":24,"featured_media":4447,"parent":32,"menu_order":0,"comment_status":"closed","ping_status":"closed","template":"template-2020.php","meta":{"_acf_changed":false},"class_list":["post-1475","page","type-page","status-publish","has-post-thumbnail","hentry"],"acf":[],"yoast_head":"<!-- This site is optimized with the Yoast SEO plugin v27.1.1 - https:\/\/yoast.com\/product\/yoast-seo-wordpress\/ -->\n<title>Results Highlights - Tenure Facility<\/title>\n<meta name=\"robots\" content=\"noindex, follow, max-snippet:-1, max-image-preview:large, max-video-preview:-1\" \/>\n<meta property=\"og:locale\" content=\"fr_FR\" \/>\n<meta property=\"og:type\" content=\"article\" \/>\n<meta property=\"og:title\" content=\"Results Highlights - Tenure Facility\" \/>\n<meta property=\"og:description\" content=\"We aim to achieve two outcomes: 1) The land and forest rights of Indigenous Peoples and local communities are made more secure by governments in targeted developing countries; and 2) Practical approaches for implementing land and forest tenure reforms are shared and leveraged by practitioners and stakeholders to enable greater support and investment in securing [&hellip;]\" \/>\n<meta property=\"og:url\" content=\"https:\/\/thetenurefacility.aws-staging.swace.se\/fr\/impact\/results-highlights\/\" \/>\n<meta property=\"og:site_name\" content=\"Tenure Facility\" \/>\n<meta property=\"article:modified_time\" content=\"2024-06-18T15:23:44+00:00\" \/>\n<meta property=\"og:image\" content=\"https:\/\/thetenurefacility.aws-staging.swace.se\/wp-content\/uploads\/2020\/02\/TR_190312_Cacao3672.jpg\" \/>\n\t<meta property=\"og:image:width\" content=\"2500\" \/>\n\t<meta property=\"og:image:height\" content=\"1667\" \/>\n\t<meta property=\"og:image:type\" content=\"image\/jpeg\" \/>\n<meta name=\"twitter:card\" content=\"summary_large_image\" \/>\n<meta name=\"twitter:label1\" content=\"Est. reading time\" \/>\n\t<meta name=\"twitter:data1\" content=\"1 minute\" \/>\n<script type=\"application\/ld+json\" class=\"yoast-schema-graph\">{\"@context\":\"https:\/\/schema.org\",\"@graph\":[{\"@type\":\"WebPage\",\"@id\":\"https:\/\/thetenurefacility.aws-staging.swace.se\/impact\/results-highlights\/\",\"url\":\"https:\/\/thetenurefacility.aws-staging.swace.se\/impact\/results-highlights\/\",\"name\":\"Results Highlights - Tenure Facility\",\"isPartOf\":{\"@id\":\"https:\/\/thetenurefacility.aws-staging.swace.se\/#website\"},\"primaryImageOfPage\":{\"@id\":\"https:\/\/thetenurefacility.aws-staging.swace.se\/impact\/results-highlights\/#primaryimage\"},\"image\":{\"@id\":\"https:\/\/thetenurefacility.aws-staging.swace.se\/impact\/results-highlights\/#primaryimage\"},\"thumbnailUrl\":\"https:\/\/thetenurefacility.aws-staging.swace.se\/wp-content\/uploads\/2020\/02\/TR_190312_Cacao3672.jpg\",\"datePublished\":\"2017-09-21T20:06:45+00:00\",\"dateModified\":\"2024-06-18T15:23:44+00:00\",\"breadcrumb\":{\"@id\":\"https:\/\/thetenurefacility.aws-staging.swace.se\/impact\/results-highlights\/#breadcrumb\"},\"inLanguage\":\"fr-FR\",\"potentialAction\":[{\"@type\":\"ReadAction\",\"target\":[\"https:\/\/thetenurefacility.aws-staging.swace.se\/impact\/results-highlights\/\"]}]},{\"@type\":\"ImageObject\",\"inLanguage\":\"fr-FR\",\"@id\":\"https:\/\/thetenurefacility.aws-staging.swace.se\/impact\/results-highlights\/#primaryimage\",\"url\":\"https:\/\/thetenurefacility.aws-staging.swace.se\/wp-content\/uploads\/2020\/02\/TR_190312_Cacao3672.jpg\",\"contentUrl\":\"https:\/\/thetenurefacility.aws-staging.swace.se\/wp-content\/uploads\/2020\/02\/TR_190312_Cacao3672.jpg\",\"width\":2500,\"height\":1667,\"caption\":\"Maya by Tony Rath\"},{\"@type\":\"BreadcrumbList\",\"@id\":\"https:\/\/thetenurefacility.aws-staging.swace.se\/impact\/results-highlights\/#breadcrumb\",\"itemListElement\":[{\"@type\":\"ListItem\",\"position\":1,\"name\":\"Home\",\"item\":\"https:\/\/thetenurefacility.aws-staging.swace.se\/\"},{\"@type\":\"ListItem\",\"position\":2,\"name\":\"Impact\",\"item\":\"https:\/\/thetenurefacility.org\/impact\/\"},{\"@type\":\"ListItem\",\"position\":3,\"name\":\"Results Highlights\"}]},{\"@type\":\"WebSite\",\"@id\":\"https:\/\/thetenurefacility.aws-staging.swace.se\/#website\",\"url\":\"https:\/\/thetenurefacility.aws-staging.swace.se\/\",\"name\":\"Tenure Facility\",\"description\":\"Securing rights, protecting the world&#039;s land and forests.\",\"potentialAction\":[{\"@type\":\"SearchAction\",\"target\":{\"@type\":\"EntryPoint\",\"urlTemplate\":\"https:\/\/thetenurefacility.aws-staging.swace.se\/?s={search_term_string}\"},\"query-input\":{\"@type\":\"PropertyValueSpecification\",\"valueRequired\":true,\"valueName\":\"search_term_string\"}}],\"inLanguage\":\"fr-FR\"}]}<\/script>\n<!-- \/ Yoast SEO plugin. -->","yoast_head_json":{"title":"Results Highlights - Tenure Facility","robots":{"index":"noindex","follow":"follow","max-snippet":"max-snippet:-1","max-image-preview":"max-image-preview:large","max-video-preview":"max-video-preview:-1"},"og_locale":"fr_FR","og_type":"article","og_title":"Results Highlights - Tenure Facility","og_description":"We aim to achieve two outcomes: 1) The land and forest rights of Indigenous Peoples and local communities are made more secure by governments in targeted developing countries; and 2) Practical approaches for implementing land and forest tenure reforms are shared and leveraged by practitioners and stakeholders to enable greater support and investment in securing [&hellip;]","og_url":"https:\/\/thetenurefacility.aws-staging.swace.se\/fr\/impact\/results-highlights\/","og_site_name":"Tenure Facility","article_modified_time":"2024-06-18T15:23:44+00:00","og_image":[{"width":2500,"height":1667,"url":"https:\/\/thetenurefacility.aws-staging.swace.se\/wp-content\/uploads\/2020\/02\/TR_190312_Cacao3672.jpg","type":"image\/jpeg"}],"twitter_card":"summary_large_image","twitter_misc":{"Est. reading time":"1 minute"},"schema":{"@context":"https:\/\/schema.org","@graph":[{"@type":"WebPage","@id":"https:\/\/thetenurefacility.aws-staging.swace.se\/impact\/results-highlights\/","url":"https:\/\/thetenurefacility.aws-staging.swace.se\/impact\/results-highlights\/","name":"Results Highlights - Tenure Facility","isPartOf":{"@id":"https:\/\/thetenurefacility.aws-staging.swace.se\/#website"},"primaryImageOfPage":{"@id":"https:\/\/thetenurefacility.aws-staging.swace.se\/impact\/results-highlights\/#primaryimage"},"image":{"@id":"https:\/\/thetenurefacility.aws-staging.swace.se\/impact\/results-highlights\/#primaryimage"},"thumbnailUrl":"https:\/\/thetenurefacility.aws-staging.swace.se\/wp-content\/uploads\/2020\/02\/TR_190312_Cacao3672.jpg","datePublished":"2017-09-21T20:06:45+00:00","dateModified":"2024-06-18T15:23:44+00:00","breadcrumb":{"@id":"https:\/\/thetenurefacility.aws-staging.swace.se\/impact\/results-highlights\/#breadcrumb"},"inLanguage":"fr-FR","potentialAction":[{"@type":"ReadAction","target":["https:\/\/thetenurefacility.aws-staging.swace.se\/impact\/results-highlights\/"]}]},{"@type":"ImageObject","inLanguage":"fr-FR","@id":"https:\/\/thetenurefacility.aws-staging.swace.se\/impact\/results-highlights\/#primaryimage","url":"https:\/\/thetenurefacility.aws-staging.swace.se\/wp-content\/uploads\/2020\/02\/TR_190312_Cacao3672.jpg","contentUrl":"https:\/\/thetenurefacility.aws-staging.swace.se\/wp-content\/uploads\/2020\/02\/TR_190312_Cacao3672.jpg","width":2500,"height":1667,"caption":"Maya by Tony Rath"},{"@type":"BreadcrumbList","@id":"https:\/\/thetenurefacility.aws-staging.swace.se\/impact\/results-highlights\/#breadcrumb","itemListElement":[{"@type":"ListItem","position":1,"name":"Home","item":"https:\/\/thetenurefacility.aws-staging.swace.se\/"},{"@type":"ListItem","position":2,"name":"Impact","item":"https:\/\/thetenurefacility.org\/impact\/"},{"@type":"ListItem","position":3,"name":"Results Highlights"}]},{"@type":"WebSite","@id":"https:\/\/thetenurefacility.aws-staging.swace.se\/#website","url":"https:\/\/thetenurefacility.aws-staging.swace.se\/","name":"Tenure Facility","description":"Securing rights, protecting the world&#039;s land and forests.","potentialAction":[{"@type":"SearchAction","target":{"@type":"EntryPoint","urlTemplate":"https:\/\/thetenurefacility.aws-staging.swace.se\/?s={search_term_string}"},"query-input":{"@type":"PropertyValueSpecification","valueRequired":true,"valueName":"search_term_string"}}],"inLanguage":"fr-FR"}]}},"_links":{"self":[{"href":"https:\/\/thetenurefacility.aws-staging.swace.se\/fr\/wp-json\/wp\/v2\/pages\/1475","targetHints":{"allow":["GET"]}}],"collection":[{"href":"https:\/\/thetenurefacility.aws-staging.swace.se\/fr\/wp-json\/wp\/v2\/pages"}],"about":[{"href":"https:\/\/thetenurefacility.aws-staging.swace.se\/fr\/wp-json\/wp\/v2\/types\/page"}],"author":[{"embeddable":true,"href":"https:\/\/thetenurefacility.aws-staging.swace.se\/fr\/wp-json\/wp\/v2\/users\/24"}],"replies":[{"embeddable":true,"href":"https:\/\/thetenurefacility.aws-staging.swace.se\/fr\/wp-json\/wp\/v2\/comments?post=1475"}],"version-history":[{"count":11,"href":"https:\/\/thetenurefacility.aws-staging.swace.se\/fr\/wp-json\/wp\/v2\/pages\/1475\/revisions"}],"predecessor-version":[{"id":8929,"href":"https:\/\/thetenurefacility.aws-staging.swace.se\/fr\/wp-json\/wp\/v2\/pages\/1475\/revisions\/8929"}],"up":[{"embeddable":true,"href":"https:\/\/thetenurefacility.aws-staging.swace.se\/fr\/wp-json\/wp\/v2\/pages\/32"}],"wp:featuredmedia":[{"embeddable":true,"href":"https:\/\/thetenurefacility.aws-staging.swace.se\/fr\/wp-json\/wp\/v2\/media\/4447"}],"wp:attachment":[{"href":"https:\/\/thetenurefacility.aws-staging.swace.se\/fr\/wp-json\/wp\/v2\/media?parent=1475"}],"curies":[{"name":"wp","href":"https:\/\/api.w.org\/{rel}","templated":true}]}}